{"id":129,"date":"2020-01-13T15:17:59","date_gmt":"2020-01-13T15:17:59","guid":{"rendered":"http:\/\/planethelper.org\/?page_id=129"},"modified":"2020-04-10T16:34:35","modified_gmt":"2020-04-10T16:34:35","slug":"air","status":"publish","type":"page","link":"http:\/\/planethelper.org\/de\/air\/","title":{"rendered":"Luft"},"content":{"rendered":"\n<div class=\"wp-block-media-text alignwide is-stacked-on-mobile\"><figure class=\"wp-block-media-text__media\"><img loading=\"lazy\" decoding=\"async\" width=\"1024\" height=\"683\" src=\"http:\/\/planethelper.org\/wp-content\/uploads\/2020\/04\/luft-1024x683.jpg\" alt=\"\" class=\"wp-image-624\" srcset=\"http:\/\/planethelper.org\/wp-content\/uploads\/2020\/04\/luft-1024x683.jpg 1024w, http:\/\/planethelper.org\/wp-content\/uploads\/2020\/04\/luft-300x200.jpg 300w, http:\/\/planethelper.org\/wp-content\/uploads\/2020\/04\/luft-768x512.jpg 768w, http:\/\/planethelper.org\/wp-content\/uploads\/2020\/04\/luft-1536x1024.jpg 1536w, http:\/\/planethelper.org\/wp-content\/uploads\/2020\/04\/luft-2048x1365.jpg 2048w, http:\/\/planethelper.org\/wp-content\/uploads\/2020\/04\/luft-1620x1080.jpg 1620w\" sizes=\"auto, (max-width: 1024px) 100vw, 1024px\" \/><\/figure><div class=\"wp-block-media-text__content\">\n<p>Luft ist das, woraus die Atmosph\u00e4re unseres Planeten besteht.<\/p>\n\n\n\n<p>*** *** ***<\/p>\n\n\n\n<p>Luft ist ein Mix aus haupts\u00e4chlich diesen 5 Gasen: Stickstoff, Sauerstoff, Wasserdampf, Argon, und Kohlenstoffdioxid.<\/p>\n<\/div><\/div>\n\n\n\n<p>Die Atmosph\u00e4re besteht aus verschiedenen Schichten und jede hat eine andere Zusammensetzung der genannten Gase. Die Schichten der Atmosph\u00e4re hei\u00dfen Troposph\u00e4re, Stratosph\u00e4re, Mesosph\u00e4re, Thermosph\u00e4re und Exosph\u00e4re.<\/p>\n\n\n\n<figure class=\"wp-block-image is-style-default\"><img decoding=\"async\" src=\"http:\/\/planethelper.org\/wp-content\/uploads\/2020\/04\/atmosphere-1024x597.jpg\" alt=\"Dieses Bild hat ein leeres Alt-Attribut. Der Dateiname ist atmosphere-1024x597.jpg\"\/><figcaption><a rel=\"noreferrer noopener\" href=\"https:\/\/www.freepik.com\/free-photos-vectors\/technology\" target=\"_blank\">Technology vector created by brgfx &#8211; www.freepik.com<\/a><\/figcaption><\/figure>\n\n\n\n<ul class=\"wp-block-list\"><li><strong>Troposh\u00e4re:<\/strong> H\u00f6he vom Meerespiegel bis 10 km. Das meiste Wetter geschieht in dieser Schicht, 99% des Wasserdampfes sind hier.  Je h\u00f6her man gelangt, desto d\u00fcnner wird die Luft und der Luftdruck.<\/li><li><strong>Stratosph\u00e4re:<\/strong> H\u00f6he von 10 km bis 50 km. Die Ozonschicht ist in dieser Schicht, hier absorbieren Molek\u00fcle die Sonnenstrahlung wandeln diese in Hitze um. Je h\u00f6her man gelangt, desto w\u00e4rmer.<\/li><li><strong>Mesosph\u00e4re:<\/strong> H\u00f6he von 50 km bis 85 km. Hier vergl\u00fchen die Meteoriten.  Je h\u00f6her man gelangt, desto niedriger der Luftdruck und die Temperatur. K\u00e4lteste Temperatur aller Atmosph\u00e4ren ganz oben (ca. -90\u00b0C). Die Luft ist zu d\u00fcnn zum atmen.<\/li><li><strong>Thermosph\u00e4re<\/strong>: H\u00f6he von 85 km bis zu einer Bandreite zw. 500 km und 1.000 km. Absorbiert hochenergetische kosmische und Sonnenstrahlung, was zu extrem hei\u00dfen Temperaturen f\u00fchrt, von 500\u00b0C  bis zu 2,000\u00b0C  oder h\u00f6her in der oberen Schichten. Je h\u00f6her man gelangt, desto hei\u00dfer wird es. Aurora, die Nordlichter, finden in dieser Atmosph\u00e4renschicht statt. Extrem d\u00fcnne Luft, nahe dem Weltall. Die H\u00f6hengrenze \u00fcber 85 km wechselt, da abh\u00e4ngig von der Menge der Sonnenenergie. Selbst Satelliten gibt es schon hier.<\/li><li><strong>Exosph\u00e4re:<\/strong> H\u00f6he f\u00e4ngt nach der Thermosph\u00e4re an bis zu gesch\u00e4tzen 100.000 km  bis 190.000 km. Grenze zum Weltall, extrem d\u00fcnne Luft, allm\u00e4hliches Auslaufen ins All. <\/li><li><strong>Ionosph\u00e4re:<\/strong> Keine eigenst\u00e4ndige Schicht, Bereiche innerhalb der Mesosph\u00e4re und Thermosph\u00e4re, in denen sich Ionen anh\u00e4ufen, die auf Grund der Aufspaltung von Elektronen aus Atomen und Molek\u00fclen entstehen, ausgel\u00f6st durch hochenergetische Sonnenstrahlung. <\/li><\/ul>\n\n\n\n<p>Wenn sich die Zusammensetzung der Gase ver\u00e4ndert, ver\u00e4ndert sich auch das Klima. Die gro\u00dfe Bedrohung f\u00fcr die Luft ist die Luftverschmutzung durch Kohlenstoffdioxid (CO2) Emissionen. Sp\u00e4testens seit der Industrialisierung ist die ansteigende Luftverschmutzung durch den Menschen verursacht.<\/p>\n\n\n\n<p>Lerne etwas \u00fcber <a href=\"http:\/\/planethelper.org\/co2-emissions\/\">air pollution<\/a> und finde heraus, wie du der Luft helfen kannst: <a href=\"http:\/\/planethelper.org\/help-the-air\/\">help the air<\/a>!<\/p>\n","protected":false},"excerpt":{"rendered":"<p>Luft ist das, woraus die Atmosph\u00e4re unseres Planeten besteht. *** *** *** Luft ist ein Mix aus haupts\u00e4chlich diesen 5 Gasen: Stickstoff, Sauerstoff, Wasserdampf, Argon, und Kohlenstoffdioxid. Die Atmosph\u00e4re besteht aus verschiedenen Schichten und jede hat eine andere Zusammensetzung der genannten Gase. Die Schichten der Atmosph\u00e4re hei\u00dfen Troposph\u00e4re, Stratosph\u00e4re, Mesosph\u00e4re, Thermosph\u00e4re und Exosph\u00e4re. Troposh\u00e4re: H\u00f6he&hellip; <br \/> <a class=\"read-more\" href=\"http:\/\/planethelper.org\/de\/air\/\">Weiterlesen<\/a><\/p>\n","protected":false},"author":1,"featured_media":0,"parent":0,"menu_order":0,"comment_status":"closed","ping_status":"closed","template":"","meta":{"footnotes":""},"class_list":["post-129","page","type-page","status-publish","hentry"],"translation":{"provider":"WPGlobus","version":"3.0.2","language":"de","enabled_languages":["en","de"],"languages":{"en":{"title":true,"content":true,"excerpt":false},"de":{"title":true,"content":true,"excerpt":false}}},"_links":{"self":[{"href":"http:\/\/planethelper.org\/de\/wp-json\/wp\/v2\/pages\/129","targetHints":{"allow":["GET"]}}],"collection":[{"href":"http:\/\/planethelper.org\/de\/wp-json\/wp\/v2\/pages"}],"about":[{"href":"http:\/\/planethelper.org\/de\/wp-json\/wp\/v2\/types\/page"}],"author":[{"embeddable":true,"href":"http:\/\/planethelper.org\/de\/wp-json\/wp\/v2\/users\/1"}],"replies":[{"embeddable":true,"href":"http:\/\/planethelper.org\/de\/wp-json\/wp\/v2\/comments?post=129"}],"version-history":[{"count":30,"href":"http:\/\/planethelper.org\/de\/wp-json\/wp\/v2\/pages\/129\/revisions"}],"predecessor-version":[{"id":913,"href":"http:\/\/planethelper.org\/de\/wp-json\/wp\/v2\/pages\/129\/revisions\/913"}],"wp:attachment":[{"href":"http:\/\/planethelper.org\/de\/wp-json\/wp\/v2\/media?parent=129"}],"curies":[{"name":"wp","href":"https:\/\/api.w.org\/{rel}","templated":true}]}}