{"id":14,"date":"2020-01-08T16:43:00","date_gmt":"2020-01-08T16:43:00","guid":{"rendered":"http:\/\/planethelper.org\/?page_id=14"},"modified":"2021-02-05T16:48:47","modified_gmt":"2021-02-05T16:48:47","slug":"co2-emissions","status":"publish","type":"page","link":"http:\/\/planethelper.org\/de\/co2-emissions\/","title":{"rendered":"Luftverschmutzung"},"content":{"rendered":"\n<div class=\"wp-block-media-text alignwide has-media-on-the-right is-stacked-on-mobile\" style=\"grid-template-columns:auto 44%\"><figure class=\"wp-block-media-text__media\"><img loading=\"lazy\" decoding=\"async\" width=\"1024\" height=\"663\" src=\"http:\/\/planethelper.org\/wp-content\/uploads\/2020\/04\/gas-4184871-2-1024x663.jpg\" alt=\"\" class=\"wp-image-708\" srcset=\"http:\/\/planethelper.org\/wp-content\/uploads\/2020\/04\/gas-4184871-2-1024x663.jpg 1024w, http:\/\/planethelper.org\/wp-content\/uploads\/2020\/04\/gas-4184871-2-300x194.jpg 300w, http:\/\/planethelper.org\/wp-content\/uploads\/2020\/04\/gas-4184871-2-768x497.jpg 768w, http:\/\/planethelper.org\/wp-content\/uploads\/2020\/04\/gas-4184871-2-1536x995.jpg 1536w, http:\/\/planethelper.org\/wp-content\/uploads\/2020\/04\/gas-4184871-2-2048x1326.jpg 2048w, http:\/\/planethelper.org\/wp-content\/uploads\/2020\/04\/gas-4184871-2-1668x1080.jpg 1668w\" sizes=\"auto, (max-width: 1024px) 100vw, 1024px\" \/><\/figure><div class=\"wp-block-media-text__content\">\n<p class=\"has-large-font-size\">Was ist Luftverschmutzung?<\/p>\n\n\n\n<p class=\"has-medium-font-size\">Damit gemeint sind Schmutzstoffe, die freigesetzt wurden und sich nun in unserer Luft befinden und sch\u00e4dlich f\u00fcr Mensch und Umwelt sind.<\/p>\n\n\n\n<p class=\"has-medium-font-size\">Finde heraus wie die Luftqualit\u00e4t in deiner Umgebung ist, \u00fcber den Live-Luftverschmutzungs-Index, klicke <a rel=\"noreferrer noopener\" href=\"https:\/\/waqi.info\/\" target=\"_blank\">hier<\/a>.<\/p>\n<\/div><\/div>\n\n\n\n<p><\/p>\n\n\n\n<div class=\"wp-block-media-text alignwide is-stacked-on-mobile\"><figure class=\"wp-block-media-text__media\"><img loading=\"lazy\" decoding=\"async\" width=\"1024\" height=\"681\" src=\"http:\/\/planethelper.org\/wp-content\/uploads\/2020\/04\/atomkraftwerk-1024x681.jpg\" alt=\"\" class=\"wp-image-717\" srcset=\"http:\/\/planethelper.org\/wp-content\/uploads\/2020\/04\/atomkraftwerk-1024x681.jpg 1024w, http:\/\/planethelper.org\/wp-content\/uploads\/2020\/04\/atomkraftwerk-300x200.jpg 300w, http:\/\/planethelper.org\/wp-content\/uploads\/2020\/04\/atomkraftwerk-768x511.jpg 768w, http:\/\/planethelper.org\/wp-content\/uploads\/2020\/04\/atomkraftwerk-1536x1022.jpg 1536w, http:\/\/planethelper.org\/wp-content\/uploads\/2020\/04\/atomkraftwerk-2048x1363.jpg 2048w, http:\/\/planethelper.org\/wp-content\/uploads\/2020\/04\/atomkraftwerk-1623x1080.jpg 1623w\" sizes=\"auto, (max-width: 1024px) 100vw, 1024px\" \/><\/figure><div class=\"wp-block-media-text__content\">\n<p class=\"has-large-font-size\">Woher kommt sie?<\/p>\n\n\n\n<p class=\"has-medium-font-size\">Nummer 1 Schadstoffe sind die Treibhausgase, wie Kohlenstoffdioxid (CO2). <\/p>\n\n\n\n<p class=\"has-medium-font-size\">Die Ursache der Verschmutzung kann nat\u00fcrlich sein (z.B. Vulkanausbruch) und menschlichen Ursprungs. <\/p>\n\n\n\n<p class=\"has-medium-font-size\">Seit der Industrialisierung hat die Luftverschmutzung durch den Menschen drastisch zugenommen.<\/p>\n<\/div><\/div>\n\n\n\n<hr class=\"wp-block-separator\"\/>\n\n\n\n<p class=\"has-medium-font-size\"><strong>Schockierend aber wahr <\/strong>ist der Anstieg von CO2 auf \u00fcber 35 Milliarden Tonnen, wovon 30 Millionen Tonnen erst in den letzten 50 Jahren der Erdgeschichte entstanden sind! Die Emissionen pro Land findet ihr <a rel=\"noreferrer noopener\" href=\"https:\/\/ourworldindata.org\/grapher\/annual-co-emissions-by-region\" target=\"_blank\">hier.<\/a><\/p>\n\n\n\n<hr class=\"wp-block-separator\"\/>\n\n\n\n<p>Die Hauptverursacher von CO2 Emissionen sind:<\/p>\n\n\n\n<ul class=\"wp-block-list\"><li>Kraftwerke; der Verbrennen fossiler Brennstoffe (es setzt die Schadstoffe frei, vor allem Kohle und \u00d6l) <\/li><li>Industrien und Produktionen, die CO2 freisetzen <\/li><li>Autos, LKW und der Landverkehr<\/li><li>Kreuzfahrtschiffe, Boote, Frachtschiffe und Tanker<\/li><li>Flugzeuge<\/li><li>Landwirtschaft (auch K\u00fche sto\u00dfen CO2 aus)<\/li><li>Bodennahes Ozon (Reaktion von Smog und Sauerstoff)<\/li><li>Haushaltsprodukte und Chemikalien<\/li><li>Baustoffe (Asbest, Formaldehyde,..)<\/li><\/ul>\n\n\n\n<figure class=\"wp-block-image size-large is-style-default\"><img loading=\"lazy\" decoding=\"async\" width=\"1024\" height=\"442\" src=\"http:\/\/planethelper.org\/wp-content\/uploads\/2020\/04\/co2-4767388-1024x442.jpg\" alt=\"\" class=\"wp-image-716\" srcset=\"http:\/\/planethelper.org\/wp-content\/uploads\/2020\/04\/co2-4767388-1024x442.jpg 1024w, http:\/\/planethelper.org\/wp-content\/uploads\/2020\/04\/co2-4767388-300x129.jpg 300w, http:\/\/planethelper.org\/wp-content\/uploads\/2020\/04\/co2-4767388-768x331.jpg 768w, http:\/\/planethelper.org\/wp-content\/uploads\/2020\/04\/co2-4767388-1536x663.jpg 1536w, http:\/\/planethelper.org\/wp-content\/uploads\/2020\/04\/co2-4767388-2048x884.jpg 2048w, http:\/\/planethelper.org\/wp-content\/uploads\/2020\/04\/co2-4767388-1920x829.jpg 1920w\" sizes=\"auto, (max-width: 1024px) 100vw, 1024px\" \/><\/figure>\n","protected":false},"excerpt":{"rendered":"<p>Was ist Luftverschmutzung? Damit gemeint sind Schmutzstoffe, die freigesetzt wurden und sich nun in unserer Luft befinden und sch\u00e4dlich f\u00fcr Mensch und Umwelt sind. Finde heraus wie die Luftqualit\u00e4t in deiner Umgebung ist, \u00fcber den Live-Luftverschmutzungs-Index, klicke hier. Woher kommt sie? Nummer 1 Schadstoffe sind die Treibhausgase, wie Kohlenstoffdioxid (CO2). Die Ursache der Verschmutzung kann&hellip; <br \/> <a class=\"read-more\" href=\"http:\/\/planethelper.org\/de\/co2-emissions\/\">Weiterlesen<\/a><\/p>\n","protected":false},"author":1,"featured_media":0,"parent":0,"menu_order":2,"comment_status":"closed","ping_status":"closed","template":"","meta":{"footnotes":""},"class_list":["post-14","page","type-page","status-publish","hentry"],"translation":{"provider":"WPGlobus","version":"3.0.2","language":"de","enabled_languages":["en","de"],"languages":{"en":{"title":true,"content":true,"excerpt":false},"de":{"title":true,"content":true,"excerpt":false}}},"_links":{"self":[{"href":"http:\/\/planethelper.org\/de\/wp-json\/wp\/v2\/pages\/14","targetHints":{"allow":["GET"]}}],"collection":[{"href":"http:\/\/planethelper.org\/de\/wp-json\/wp\/v2\/pages"}],"about":[{"href":"http:\/\/planethelper.org\/de\/wp-json\/wp\/v2\/types\/page"}],"author":[{"embeddable":true,"href":"http:\/\/planethelper.org\/de\/wp-json\/wp\/v2\/users\/1"}],"replies":[{"embeddable":true,"href":"http:\/\/planethelper.org\/de\/wp-json\/wp\/v2\/comments?post=14"}],"version-history":[{"count":30,"href":"http:\/\/planethelper.org\/de\/wp-json\/wp\/v2\/pages\/14\/revisions"}],"predecessor-version":[{"id":1101,"href":"http:\/\/planethelper.org\/de\/wp-json\/wp\/v2\/pages\/14\/revisions\/1101"}],"wp:attachment":[{"href":"http:\/\/planethelper.org\/de\/wp-json\/wp\/v2\/media?parent=14"}],"curies":[{"name":"wp","href":"https:\/\/api.w.org\/{rel}","templated":true}]}}