{"id":175,"date":"2020-02-24T17:02:38","date_gmt":"2020-02-24T17:02:38","guid":{"rendered":"http:\/\/planethelper.org\/?page_id=175"},"modified":"2021-02-05T16:57:45","modified_gmt":"2021-02-05T16:57:45","slug":"climate-change","status":"publish","type":"page","link":"http:\/\/planethelper.org\/de\/climate-change\/","title":{"rendered":"Klimawandel"},"content":{"rendered":"\n<p>Das Wort &#8222;Klimawandel&#8220; ist heut zu Tage allgegenw\u00e4rtig. Es beschreibt die Ver\u00e4nderung des Klimas als Konsequenz des Treibhaus Effektes.<\/p>\n\n\n\n<p><strong>Was ver\u00e4ndert sich und was genau ist die Konsequenz des Treibhaus Effektes?<\/strong><\/p>\n\n\n\n<p>Die direkte Konsequenz von steigender Sonnenstrahlung, die in unserer Erdatmosph\u00e4re gehalten wird ist, dass mehr W\u00e4rme in der Atmosph\u00e4re verbleibt, welche die Oberfl\u00e4che des Planten erw\u00e4rmt. Seit dem sp\u00e4ten 19. Jahrhundert hat ist die Oberfl\u00e4chen Temperatur um 0,9 Grad C angestiegen. Die Auswirkungen einer ansteigenden Oberfl\u00e4chen Temperatur k\u00f6nnen sowohl gesehen, als auch gemessen werden:<\/p>\n\n\n\n<ul class=\"wp-block-list\"><li>Globale Erw\u00e4rmung der Ozeane<\/li><li>Schrumpfen der Eisschichten in Gr\u00f6nland und den Polarkappen<\/li><li>R\u00fcckzug der Gletscher<\/li><li>Anstieg des Meeresspiegels<\/li><li>Extreme Wetterereignisse werden h\u00e4ufiger<\/li><li>Vers\u00e4uerung der Ozeane<\/li><\/ul>\n\n\n\n<p>F\u00fcr mehr Fakten, Graphiken und aktuelle Messungen der Klimaver\u00e4nderungen schau doch mal hier vorbei: <a href=\"https:\/\/climate.nasa.gov\/evidence\/\">https:\/\/climate.nasa.gov\/evidence\/<\/a><\/p>\n\n\n\n<p>Die Frage ist nun: Was k\u00f6nnen wir tun um den Klimawandel aufzuhalten? Was kannst DU tun? Es gibt viele Dinge, die du tun kannst um dem Planeten zu helfen, um ein echter planethelper zu sein! Fang an und w\u00e4hle dein Lieblingsthema:<\/p>\n\n\n\n<p>Buchtipps:<\/p>\n\n\n\n<a target=\"_blank\" href=\"https:\/\/www.amazon.de\/gp\/product\/394195685X\/ref=as_li_tl?ie=UTF8&#038;camp=1638&#038;creative=6742&#038;creativeASIN=394195685X&#038;linkCode=as2&#038;tag=planethelper-21&#038;linkId=27a9cdea3204ee91d8b79f8126be6cf8\" rel=\"noopener noreferrer\"><img decoding=\"async\" border=\"0\" src=\"\/\/ws-eu.amazon-adsystem.com\/widgets\/q?_encoding=UTF8&#038;MarketPlace=DE&#038;ASIN=394195685X&#038;ServiceVersion=20070822&#038;ID=AsinImage&#038;WS=1&#038;Format=_SL250_&#038;tag=planethelper-21\" ><\/a><img loading=\"lazy\" decoding=\"async\" src=\"\/\/ir-de.amazon-adsystem.com\/e\/ir?t=planethelper-21&#038;l=am2&#038;o=3&#038;a=394195685X\" width=\"1\" height=\"1\" border=\"0\" alt=\"\" style=\"border:none !important; margin:0px !important;\" \/>\n\n\n\n<a target=\"_blank\" href=\"https:\/\/www.amazon.de\/gp\/product\/3579014722\/ref=as_li_tl?ie=UTF8&#038;camp=1638&#038;creative=6742&#038;creativeASIN=3579014722&#038;linkCode=as2&#038;tag=planethelper-21&#038;linkId=4dbd1833371568c1b2806d3508dd654c\" rel=\"noopener noreferrer\"><img decoding=\"async\" border=\"0\" src=\"\/\/ws-eu.amazon-adsystem.com\/widgets\/q?_encoding=UTF8&#038;MarketPlace=DE&#038;ASIN=3579014722&#038;ServiceVersion=20070822&#038;ID=AsinImage&#038;WS=1&#038;Format=_SL250_&#038;tag=planethelper-21\" ><\/a><img loading=\"lazy\" decoding=\"async\" src=\"\/\/ir-de.amazon-adsystem.com\/e\/ir?t=planethelper-21&#038;l=am2&#038;o=3&#038;a=3579014722\" width=\"1\" height=\"1\" border=\"0\" alt=\"\" style=\"border:none !important; margin:0px !important;\" \/>\n\n\n\n<a target=\"_blank\" href=\"https:\/\/www.amazon.de\/gp\/product\/3443011047\/ref=as_li_tl?ie=UTF8&#038;camp=1638&#038;creative=6742&#038;creativeASIN=3443011047&#038;linkCode=as2&#038;tag=planethelper-21&#038;linkId=843cf205c2fb3f9adc791dd67e2c47aa\" rel=\"noopener noreferrer\"><img decoding=\"async\" border=\"0\" src=\"\/\/ws-eu.amazon-adsystem.com\/widgets\/q?_encoding=UTF8&#038;MarketPlace=DE&#038;ASIN=3443011047&#038;ServiceVersion=20070822&#038;ID=AsinImage&#038;WS=1&#038;Format=_SL250_&#038;tag=planethelper-21\" ><\/a><img loading=\"lazy\" decoding=\"async\" src=\"\/\/ir-de.amazon-adsystem.com\/e\/ir?t=planethelper-21&#038;l=am2&#038;o=3&#038;a=3443011047\" width=\"1\" height=\"1\" border=\"0\" alt=\"\" style=\"border:none !important; margin:0px !important;\" \/>\n\n\n\n<a target=\"_blank\" href=\"https:\/\/www.amazon.de\/gp\/product\/3831032858\/ref=as_li_tl?ie=UTF8&#038;camp=1638&#038;creative=6742&#038;creativeASIN=3831032858&#038;linkCode=as2&#038;tag=planethelper-21&#038;linkId=d55353409eebf54b8767836b90df3136\" rel=\"noopener noreferrer\"><img decoding=\"async\" border=\"0\" src=\"\/\/ws-eu.amazon-adsystem.com\/widgets\/q?_encoding=UTF8&#038;MarketPlace=DE&#038;ASIN=3831032858&#038;ServiceVersion=20070822&#038;ID=AsinImage&#038;WS=1&#038;Format=_SL250_&#038;tag=planethelper-21\" ><\/a><img loading=\"lazy\" decoding=\"async\" src=\"\/\/ir-de.amazon-adsystem.com\/e\/ir?t=planethelper-21&#038;l=am2&#038;o=3&#038;a=3831032858\" width=\"1\" height=\"1\" border=\"0\" alt=\"\" style=\"border:none !important; margin:0px !important;\" \/>\n\n\n\n<hr class=\"wp-block-separator\"\/>\n\n\n\n<a target=\"_blank\" href=\"https:\/\/www.amazon.de\/gp\/product\/3981965000\/ref=as_li_tl?ie=UTF8&#038;camp=1638&#038;creative=6742&#038;creativeASIN=3981965000&#038;linkCode=as2&#038;tag=planethelper-21&#038;linkId=ef8aefa15cbf2983196b53751e0b4b75\" rel=\"noopener noreferrer\"><img decoding=\"async\" border=\"0\" src=\"\/\/ws-eu.amazon-adsystem.com\/widgets\/q?_encoding=UTF8&#038;MarketPlace=DE&#038;ASIN=3981965000&#038;ServiceVersion=20070822&#038;ID=AsinImage&#038;WS=1&#038;Format=_SL250_&#038;tag=planethelper-21\" ><\/a><img loading=\"lazy\" decoding=\"async\" src=\"\/\/ir-de.amazon-adsystem.com\/e\/ir?t=planethelper-21&#038;l=am2&#038;o=3&#038;a=3981965000\" width=\"1\" height=\"1\" border=\"0\" alt=\"\" style=\"border:none !important; margin:0px !important;\" \/>\n","protected":false},"excerpt":{"rendered":"<p>Das Wort &#8222;Klimawandel&#8220; ist heut zu Tage allgegenw\u00e4rtig. Es beschreibt die Ver\u00e4nderung des Klimas als Konsequenz des Treibhaus Effektes. Was ver\u00e4ndert sich und was genau ist die Konsequenz des Treibhaus Effektes? Die direkte Konsequenz von steigender Sonnenstrahlung, die in unserer Erdatmosph\u00e4re gehalten wird ist, dass mehr W\u00e4rme in der Atmosph\u00e4re verbleibt, welche die Oberfl\u00e4che des&hellip; <br \/> <a class=\"read-more\" href=\"http:\/\/planethelper.org\/de\/climate-change\/\">Weiterlesen<\/a><\/p>\n","protected":false},"author":1,"featured_media":0,"parent":0,"menu_order":0,"comment_status":"closed","ping_status":"closed","template":"","meta":{"footnotes":""},"class_list":["post-175","page","type-page","status-publish","hentry"],"translation":{"provider":"WPGlobus","version":"3.0.2","language":"de","enabled_languages":["en","de"],"languages":{"en":{"title":true,"content":true,"excerpt":false},"de":{"title":true,"content":true,"excerpt":false}}},"_links":{"self":[{"href":"http:\/\/planethelper.org\/de\/wp-json\/wp\/v2\/pages\/175","targetHints":{"allow":["GET"]}}],"collection":[{"href":"http:\/\/planethelper.org\/de\/wp-json\/wp\/v2\/pages"}],"about":[{"href":"http:\/\/planethelper.org\/de\/wp-json\/wp\/v2\/types\/page"}],"author":[{"embeddable":true,"href":"http:\/\/planethelper.org\/de\/wp-json\/wp\/v2\/users\/1"}],"replies":[{"embeddable":true,"href":"http:\/\/planethelper.org\/de\/wp-json\/wp\/v2\/comments?post=175"}],"version-history":[{"count":62,"href":"http:\/\/planethelper.org\/de\/wp-json\/wp\/v2\/pages\/175\/revisions"}],"predecessor-version":[{"id":1104,"href":"http:\/\/planethelper.org\/de\/wp-json\/wp\/v2\/pages\/175\/revisions\/1104"}],"wp:attachment":[{"href":"http:\/\/planethelper.org\/de\/wp-json\/wp\/v2\/media?parent=175"}],"curies":[{"name":"wp","href":"https:\/\/api.w.org\/{rel}","templated":true}]}}