{"id":182,"date":"2020-02-25T09:29:07","date_gmt":"2020-02-25T09:29:07","guid":{"rendered":"http:\/\/planethelper.org\/?page_id=182"},"modified":"2020-04-07T18:02:13","modified_gmt":"2020-04-07T18:02:13","slug":"greenhouse-effect","status":"publish","type":"page","link":"http:\/\/planethelper.org\/de\/greenhouse-effect\/","title":{"rendered":"Treibhauseffekt"},"content":{"rendered":"\n<p>Der Treibhaus Effekt beschreibt den Prozess einer globaler Erderw\u00e4rmung, die durch Sonneneinstrahlung hervorgerufen wird, welche auf Grund von Treibhausgasen in der Atmosph\u00e4re daran gehindert wird, zur\u00fcck ins Weltall reflektiert zu werden.<\/p>\n\n\n\n<p>Im Detail:<\/p>\n\n\n\n<p>Sonnenstrahlen treffen auf den Planeten, was ein nat\u00fcrlicher Prozess ist. Ein Teil der Sonnenstrahlung wird von der Erde absorbiert und halten somit die Temperatur stabil. Der andere Teil der Sonnenstrahlung wird von der Erdoberfl\u00e4che reflektiert, prallt an der Erde ab und wandert durch die Atmosph\u00e4ren Schichten zur\u00fcck ins Universum. <\/p>\n\n\n\n<p><\/p>\n\n\n\n<div class=\"wp-block-media-text alignwide is-stacked-on-mobile\" style=\"grid-template-columns:35% auto\"><figure class=\"wp-block-media-text__media\"><img loading=\"lazy\" decoding=\"async\" width=\"1024\" height=\"757\" src=\"http:\/\/planethelper.org\/wp-content\/uploads\/2020\/04\/greenhouse-effect-146552-1024x757.png\" alt=\"\" class=\"wp-image-644\" srcset=\"http:\/\/planethelper.org\/wp-content\/uploads\/2020\/04\/greenhouse-effect-146552-1024x757.png 1024w, http:\/\/planethelper.org\/wp-content\/uploads\/2020\/04\/greenhouse-effect-146552-300x222.png 300w, http:\/\/planethelper.org\/wp-content\/uploads\/2020\/04\/greenhouse-effect-146552-768x568.png 768w, http:\/\/planethelper.org\/wp-content\/uploads\/2020\/04\/greenhouse-effect-146552-1536x1135.png 1536w, http:\/\/planethelper.org\/wp-content\/uploads\/2020\/04\/greenhouse-effect-146552-1461x1080.png 1461w, http:\/\/planethelper.org\/wp-content\/uploads\/2020\/04\/greenhouse-effect-146552.png 1920w\" sizes=\"auto, (max-width: 1024px) 100vw, 1024px\" \/><\/figure><div class=\"wp-block-media-text__content\">\n<p>Mit Beginn der steigenden Industrialisierung verzeichnen auch die Emissionen an CO2, Kohlenstoffdioxid, dramatischen Anstieg. Dieses Gas sammelt sich in der Erdatmosph\u00e4re an und verhindert, dass Sonnenstrahlung zur\u00fcck ins Weltall entweichen kann, wie ein Schild.<\/p>\n\n\n\n<p>Die Sonnenstrahlung kann also nicht mehr in gleichem Ma\u00dfe aus der Erdatmosph\u00e4re entweichen wie es die die letzten hundert Jahre der Fall war.<\/p>\n\n\n\n<p class=\"has-medium-font-size\"><strong>Die Konsequenz von mehr Sonnenstrahlung in unserer unteren Atmosph\u00e4re ist, dass die Temperatur ansteigt. Dieser Effekt hei\u00dft Treibhaus Effekt!<\/strong><\/p>\n<\/div><\/div>\n\n\n\n<p><\/p>\n\n\n\n<p>Aber was sind die Langzeitfolgen vom Treibhaus Effekt? Lerne mehr \u00fcber den Klimawandel: <a href=\"http:\/\/planethelper.org\/climate-change\/\">Climate Change<\/a><\/p>\n","protected":false},"excerpt":{"rendered":"<p>Der Treibhaus Effekt beschreibt den Prozess einer globaler Erderw\u00e4rmung, die durch Sonneneinstrahlung hervorgerufen wird, welche auf Grund von Treibhausgasen in der Atmosph\u00e4re daran gehindert wird, zur\u00fcck ins Weltall reflektiert zu werden. Im Detail: Sonnenstrahlen treffen auf den Planeten, was ein nat\u00fcrlicher Prozess ist. Ein Teil der Sonnenstrahlung wird von der Erde absorbiert und halten somit&hellip; <br \/> <a class=\"read-more\" href=\"http:\/\/planethelper.org\/de\/greenhouse-effect\/\">Weiterlesen<\/a><\/p>\n","protected":false},"author":1,"featured_media":0,"parent":0,"menu_order":0,"comment_status":"closed","ping_status":"closed","template":"","meta":{"footnotes":""},"class_list":["post-182","page","type-page","status-publish","hentry"],"translation":{"provider":"WPGlobus","version":"3.0.2","language":"de","enabled_languages":["en","de"],"languages":{"en":{"title":true,"content":true,"excerpt":false},"de":{"title":true,"content":true,"excerpt":false}}},"_links":{"self":[{"href":"http:\/\/planethelper.org\/de\/wp-json\/wp\/v2\/pages\/182","targetHints":{"allow":["GET"]}}],"collection":[{"href":"http:\/\/planethelper.org\/de\/wp-json\/wp\/v2\/pages"}],"about":[{"href":"http:\/\/planethelper.org\/de\/wp-json\/wp\/v2\/types\/page"}],"author":[{"embeddable":true,"href":"http:\/\/planethelper.org\/de\/wp-json\/wp\/v2\/users\/1"}],"replies":[{"embeddable":true,"href":"http:\/\/planethelper.org\/de\/wp-json\/wp\/v2\/comments?post=182"}],"version-history":[{"count":17,"href":"http:\/\/planethelper.org\/de\/wp-json\/wp\/v2\/pages\/182\/revisions"}],"predecessor-version":[{"id":899,"href":"http:\/\/planethelper.org\/de\/wp-json\/wp\/v2\/pages\/182\/revisions\/899"}],"wp:attachment":[{"href":"http:\/\/planethelper.org\/de\/wp-json\/wp\/v2\/media?parent=182"}],"curies":[{"name":"wp","href":"https:\/\/api.w.org\/{rel}","templated":true}]}}